{"id":55,"date":"2024-03-19T13:57:15","date_gmt":"2024-03-19T16:57:15","guid":{"rendered":"https:\/\/institutoterezamartins.com.br\/?page_id=55"},"modified":"2024-10-07T20:54:13","modified_gmt":"2024-10-07T23:54:13","slug":"a-clinicologa","status":"publish","type":"page","link":"https:\/\/institutoterezamartins.com.br\/?page_id=55","title":{"rendered":"A Clinic\u00f3loga"},"content":{"rendered":"<p>[et_pb_section fb_built=&#8221;1&#8243; custom_padding_last_edited=&#8221;on|phone&#8221; admin_label=&#8221;Header&#8221; _builder_version=&#8221;4.24.2&#8243; use_background_color_gradient=&#8221;on&#8221; background_color_gradient_direction=&#8221;200deg&#8221; background_color_gradient_stops=&#8221;rgba(0,0,0,0) 62%|rgba(22,29,67,0.3) 100%&#8221; background_color_gradient_start=&#8221;rgba(0,0,0,0)&#8221; background_color_gradient_start_position=&#8221;62%&#8221; background_color_gradient_end=&#8221;rgba(22,29,67,0.3)&#8221; background_image=&#8221;https:\/\/institutoterezamartins.com.br\/wp-content\/uploads\/2024\/03\/DEN_6420-scaled.jpg&#8221; parallax=&#8221;on&#8221; custom_padding=&#8221;10vw|10vw|0|0px|false|false&#8221; custom_padding_tablet=&#8221;&#8221; custom_padding_phone=&#8221;|10vw||&#8221; animation_style=&#8221;fade&#8221; animation_starting_opacity=&#8221;5%&#8221; animation_speed_curve=&#8221;ease-out&#8221; border_radii=&#8221;||||16vw&#8221; locked=&#8221;off&#8221; global_colors_info=&#8221;{}&#8221;][et_pb_row column_structure=&#8221;3_4,1_4&#8243; use_custom_gutter=&#8221;on&#8221; gutter_width=&#8221;1&#8243; make_equal=&#8221;on&#8221; custom_padding_last_edited=&#8221;on|desktop&#8221; padding_top_bottom_link_1=&#8221;true&#8221; padding_top_bottom_link_2=&#8221;true&#8221; padding_left_right_link_1=&#8221;false&#8221; _builder_version=&#8221;4.16&#8243; use_background_color_gradient=&#8221;on&#8221; background_color_gradient_direction=&#8221;90deg&#8221; background_color_gradient_stops=&#8221;rgba(255,255,255,0.4) 70%|rgba(255,255,255,0.88) 100%&#8221; background_color_gradient_start=&#8221;rgba(255,255,255,0.4)&#8221; background_color_gradient_start_position=&#8221;70%&#8221; background_color_gradient_end=&#8221;rgba(255,255,255,0.88)&#8221; width=&#8221;100%&#8221; max_width=&#8221;100%&#8221; module_alignment=&#8221;left&#8221; custom_margin_tablet=&#8221;0vw|||&#8221; custom_margin_last_edited=&#8221;off|desktop&#8221; custom_padding=&#8221;0px||0px||false|false&#8221; custom_padding_tablet=&#8221;|||0vw&#8221; custom_padding_phone=&#8221;&#8221; animation_style=&#8221;slide&#8221; animation_direction=&#8221;left&#8221; animation_intensity_slide=&#8221;5%&#8221; border_radii=&#8221;||10vw||&#8221; use_custom_width=&#8221;on&#8221; width_unit=&#8221;off&#8221; custom_width_percent=&#8221;100%&#8221; locked=&#8221;off&#8221; global_colors_info=&#8221;{}&#8221;][et_pb_column type=&#8221;3_4&#8243; _builder_version=&#8221;4.16&#8243; background_color_gradient_start_position=&#8221;0&#8243; custom_padding=&#8221;80px|40px|80px|10vw&#8221; custom_padding_tablet=&#8221;40px||20px||false&#8221; custom_padding_phone=&#8221;|||&#8221; custom_padding_last_edited=&#8221;on|phone&#8221; background_color_gradient_stops_tablet=&#8221;#2b87da 0%|#29c4a9 100%&#8221; background_color_gradient_stops_phone=&#8221;#2b87da 0%|#29c4a9 100%&#8221; global_colors_info=&#8221;{}&#8221; padding_phone=&#8221;|||&#8221; padding_tablet=&#8221;40px||20px||false&#8221; padding_last_edited=&#8221;on|phone&#8221; custom_padding__hover=&#8221;|||&#8221; background_color_gradient_stops__hover=&#8221;#2b87da 0%|#29c4a9 100%&#8221; background_color_gradient_stops__sticky=&#8221;#2b87da 0%|#29c4a9 100%&#8221;][et_pb_text _builder_version=&#8221;4.16&#8243; text_font=&#8221;||||||||&#8221; header_font=&#8221;Prata||||||||&#8221; header_font_size=&#8221;100px&#8221; header_line_height=&#8221;1.4em&#8221; header_6_font=&#8221;Open Sans|700||on|||||&#8221; header_6_letter_spacing=&#8221;5px&#8221; header_6_line_height=&#8221;1.6em&#8221; background_layout=&#8221;dark&#8221; max_width_tablet=&#8221;90%&#8221; max_width_phone=&#8221;&#8221; max_width_last_edited=&#8221;on|desktop&#8221; module_alignment=&#8221;right&#8221; animation_style=&#8221;zoom&#8221; animation_intensity_zoom=&#8221;5%&#8221; header_font_size_tablet=&#8221;48px&#8221; header_font_size_phone=&#8221;32px&#8221; header_font_size_last_edited=&#8221;on|phone&#8221; header_6_font_size_tablet=&#8221;&#8221; header_6_font_size_phone=&#8221;&#8221; header_6_font_size_last_edited=&#8221;on|desktop&#8221; text_text_shadow_style=&#8221;preset3&#8243; text_text_shadow_blur_strength=&#8221;3em&#8221; text_text_shadow_color=&#8221;rgba(22,29,67,0.24)&#8221; locked=&#8221;off&#8221; global_colors_info=&#8221;{}&#8221; header_5_font_size__hover=&#8221;16px&#8221; header_5_font_size__hover_enabled=&#8221;16px&#8221; header_5_letter_spacing__hover=&#8221;0px&#8221; header_5_letter_spacing__hover_enabled=&#8221;0px&#8221; header_5_line_height__hover=&#8221;1em&#8221; header_5_line_height__hover_enabled=&#8221;1em&#8221; header_5_text_shadow_style__hover=&#8221;none&#8221; header_5_text_shadow_style__hover_enabled=&#8221;none&#8221; header_5_text_shadow_color__hover=&#8221;rgba(0,0,0,0.4)&#8221; header_5_text_shadow_color__hover_enabled=&#8221;rgba(0,0,0,0.4)&#8221;]<\/p>\n<p><strong>Farmac\u00eautico\u00a0\u00a0\u00a0\u00a0\u00a0\u00a0\u00a0\u00a0\u00a0 <\/strong>Registro: CRF-Ba 3042<\/p>\n<h1>Sobre mim<\/h1>\n<p>[\/et_pb_text][\/et_pb_column][et_pb_column type=&#8221;1_4&#8243; _builder_version=&#8221;4.16&#8243; custom_padding=&#8221;|||&#8221; custom_padding_tablet=&#8221;||||false&#8221; custom_padding_phone=&#8221;||||false&#8221; custom_padding_last_edited=&#8221;on|desktop&#8221; global_colors_info=&#8221;{}&#8221; padding_tablet=&#8221;||||false&#8221; padding_last_edited=&#8221;on|desktop&#8221; custom_padding__hover=&#8221;|||&#8221; padding_phone=&#8221;||||false&#8221;][\/et_pb_column][\/et_pb_row][\/et_pb_section][et_pb_section fb_built=&#8221;1&#8243; admin_label=&#8221;About&#8221; _builder_version=&#8221;4.16&#8243; custom_margin=&#8221;||-50px|||&#8221; global_colors_info=&#8221;{}&#8221;][et_pb_row _builder_version=&#8221;4.16&#8243; global_colors_info=&#8221;{}&#8221;][et_pb_column type=&#8221;4_4&#8243; _builder_version=&#8221;4.16&#8243; custom_padding=&#8221;|||&#8221; global_colors_info=&#8221;{}&#8221; custom_padding__hover=&#8221;|||&#8221;][et_pb_text _builder_version=&#8221;4.16&#8243; text_font=&#8221;Open Sans||||||||&#8221; text_line_height=&#8221;2em&#8221; header_font=&#8221;||||||||&#8221; header_2_font=&#8221;Prata||||||||&#8221; header_2_font_size=&#8221;50px&#8221; header_2_line_height=&#8221;1.4em&#8221; header_3_font=&#8221;Open Sans|700||on|||||&#8221; header_3_font_size=&#8221;14px&#8221; header_3_letter_spacing=&#8221;5px&#8221; header_3_line_height=&#8221;1.8em&#8221; text_orientation=&#8221;center&#8221; max_width=&#8221;600px&#8221; module_alignment=&#8221;center&#8221; animation_style=&#8221;zoom&#8221; animation_intensity_zoom=&#8221;5%&#8221; header_2_font_size_tablet=&#8221;40px&#8221; header_2_font_size_phone=&#8221;28px&#8221; header_2_font_size_last_edited=&#8221;on|phone&#8221; header_3_font_size_tablet=&#8221;&#8221; header_3_font_size_phone=&#8221;10px&#8221; header_3_font_size_last_edited=&#8221;on|phone&#8221; locked=&#8221;off&#8221; global_colors_info=&#8221;{}&#8221; header_5_font_size__hover=&#8221;16px&#8221; header_5_font_size__hover_enabled=&#8221;16px&#8221; header_5_letter_spacing__hover=&#8221;0px&#8221; header_5_letter_spacing__hover_enabled=&#8221;0px&#8221; header_5_line_height__hover=&#8221;1em&#8221; header_5_line_height__hover_enabled=&#8221;1em&#8221; header_5_text_shadow_style__hover=&#8221;none&#8221; header_5_text_shadow_style__hover_enabled=&#8221;none&#8221; header_5_text_shadow_color__hover=&#8221;rgba(0,0,0,0.4)&#8221; header_5_text_shadow_color__hover_enabled=&#8221;rgba(0,0,0,0.4)&#8221; header_font_size__hover=&#8221;30px&#8221; header_font_size__hover_enabled=&#8221;30px&#8221; header_letter_spacing__hover=&#8221;0px&#8221; header_letter_spacing__hover_enabled=&#8221;0px&#8221; header_text_shadow_style__hover=&#8221;none&#8221; header_text_shadow_style__hover_enabled=&#8221;none&#8221; header_text_shadow_color__hover=&#8221;rgba(0,0,0,0.4)&#8221; header_text_shadow_color__hover_enabled=&#8221;rgba(0,0,0,0.4)&#8221; header_6_letter_spacing__hover=&#8221;0px&#8221; header_6_letter_spacing__hover_enabled=&#8221;0px&#8221; header_6_line_height__hover=&#8221;1em&#8221; header_6_line_height__hover_enabled=&#8221;1em&#8221; header_6_font_size__hover=&#8221;14px&#8221; header_6_font_size__hover_enabled=&#8221;14px&#8221; header_6_text_shadow_style__hover=&#8221;none&#8221; header_6_text_shadow_style__hover_enabled=&#8221;none&#8221; header_6_text_shadow_color__hover=&#8221;rgba(0,0,0,0.4)&#8221; header_6_text_shadow_color__hover_enabled=&#8221;rgba(0,0,0,0.4)&#8221;]<\/p>\n<h2><strong>DRA. TEREZA CRISTINA MARTINS PEIXOTO<\/strong><\/h2>\n<p><strong>O que eu fa\u00e7o<\/strong>: Voc\u00ea sabia que no Brasil, 50% dos pacientes com doen\u00e7as cr\u00f4nicas, n\u00e3o aderem ao tratamento? Diante desse desafio, ofere\u00e7o um tratamento diferenciado, focado nas causas e n\u00e3o nos sintomas, utilizando quando necess\u00e1rio recursos naturais de tratamento como vitaminas, minerais, florais e homeopatia.<\/p>\n<p>&nbsp;<\/p>\n<p>[\/et_pb_text][et_pb_social_media_follow _builder_version=&#8221;4.16&#8243; text_orientation=&#8221;center&#8221; border_radii=&#8221;on|100px|100px|100px|100px&#8221; global_colors_info=&#8221;{}&#8221;][et_pb_social_media_follow_network social_network=&#8221;facebook&#8221; _builder_version=&#8221;4.16&#8243; background_color=&#8221;#161d43&#8243; custom_margin=&#8221;|5px||5px||true&#8221; custom_padding=&#8221;10px|10px|10px|10px|true|true&#8221; global_colors_info=&#8221;{}&#8221; follow_button=&#8221;off&#8221; url_new_window=&#8221;on&#8221;]facebook[\/et_pb_social_media_follow_network][et_pb_social_media_follow_network social_network=&#8221;twitter&#8221; _builder_version=&#8221;4.16&#8243; background_color=&#8221;#161d43&#8243; custom_margin=&#8221;|5px||5px||true&#8221; custom_padding=&#8221;10px|10px|10px|10px|true|true&#8221; global_colors_info=&#8221;{}&#8221; follow_button=&#8221;off&#8221; url_new_window=&#8221;on&#8221;]twitter[\/et_pb_social_media_follow_network][et_pb_social_media_follow_network social_network=&#8221;instagram&#8221; _builder_version=&#8221;4.16&#8243; background_color=&#8221;#161d43&#8243; custom_margin=&#8221;|5px||5px||true&#8221; custom_padding=&#8221;10px|10px|10px|10px|true|true&#8221; global_colors_info=&#8221;{}&#8221; follow_button=&#8221;off&#8221; url_new_window=&#8221;on&#8221;]instagram[\/et_pb_social_media_follow_network][et_pb_social_media_follow_network social_network=&#8221;pinterest&#8221; _builder_version=&#8221;4.16&#8243; background_color=&#8221;#161d43&#8243; custom_margin=&#8221;|5px||5px||true&#8221; custom_padding=&#8221;10px|10px|10px|10px|true|true&#8221; global_colors_info=&#8221;{}&#8221; follow_button=&#8221;off&#8221; url_new_window=&#8221;on&#8221;]pinterest[\/et_pb_social_media_follow_network][\/et_pb_social_media_follow][\/et_pb_column][\/et_pb_row][\/et_pb_section][et_pb_section fb_built=&#8221;1&#8243; admin_label=&#8221;Our Story&#8221; _builder_version=&#8221;4.16&#8243; global_colors_info=&#8221;{}&#8221;][et_pb_row column_structure=&#8221;1_2,1_2&#8243; padding_top_bottom_link_2=&#8221;false&#8221; _builder_version=&#8221;4.16&#8243; global_colors_info=&#8221;{}&#8221;][et_pb_column type=&#8221;1_2&#8243; _builder_version=&#8221;4.16&#8243; custom_padding=&#8221;|||&#8221; global_colors_info=&#8221;{}&#8221; custom_padding__hover=&#8221;|||&#8221;][et_pb_image src=&#8221;https:\/\/institutoterezamartins.com.br\/wp-content\/uploads\/2024\/03\/DEN_6292-scaled.jpg&#8221; title_text=&#8221;DEN_6292&#8243; align_tablet=&#8221;center&#8221; align_phone=&#8221;center&#8221; align_last_edited=&#8221;on|desktop&#8221; _builder_version=&#8221;4.24.2&#8243; border_radii=&#8221;|||200px|&#8221; global_colors_info=&#8221;{}&#8221; border_radii__hover_enabled=&#8221;on&#8221; border_radii__hover=&#8221;|||200px|&#8221;][\/et_pb_image][et_pb_text _builder_version=&#8221;4.24.2&#8243; text_font=&#8221;Open Sans||||||||&#8221; text_line_height=&#8221;2em&#8221; header_font=&#8221;||||||||&#8221; header_2_font=&#8221;Prata||||||||&#8221; header_2_font_size=&#8221;50px&#8221; header_2_line_height=&#8221;1.4em&#8221; header_3_font=&#8221;Open Sans|700||on|||||&#8221; header_3_font_size=&#8221;14px&#8221; header_3_letter_spacing=&#8221;5px&#8221; header_3_line_height=&#8221;1.8em&#8221; text_orientation=&#8221;center&#8221; max_width=&#8221;900%&#8221; module_alignment=&#8221;center&#8221; custom_margin=&#8221;|-525px||||&#8221; custom_padding=&#8221;|0px||||&#8221; animation_style=&#8221;zoom&#8221; animation_intensity_zoom=&#8221;5%&#8221; header_2_font_size_tablet=&#8221;40px&#8221; header_2_font_size_phone=&#8221;28px&#8221; header_2_font_size_last_edited=&#8221;on|phone&#8221; header_3_font_size_tablet=&#8221;&#8221; header_3_font_size_phone=&#8221;10px&#8221; header_3_font_size_last_edited=&#8221;on|phone&#8221; locked=&#8221;off&#8221; global_colors_info=&#8221;{}&#8221; header_5_font_size__hover=&#8221;16px&#8221; header_5_font_size__hover_enabled=&#8221;16px&#8221; header_5_letter_spacing__hover=&#8221;0px&#8221; header_5_letter_spacing__hover_enabled=&#8221;0px&#8221; header_5_line_height__hover=&#8221;1em&#8221; header_5_line_height__hover_enabled=&#8221;1em&#8221; header_5_text_shadow_style__hover=&#8221;none&#8221; header_5_text_shadow_style__hover_enabled=&#8221;none&#8221; header_5_text_shadow_color__hover=&#8221;rgba(0,0,0,0.4)&#8221; header_5_text_shadow_color__hover_enabled=&#8221;rgba(0,0,0,0.4)&#8221; header_font_size__hover=&#8221;30px&#8221; header_font_size__hover_enabled=&#8221;30px&#8221; header_letter_spacing__hover=&#8221;0px&#8221; header_letter_spacing__hover_enabled=&#8221;0px&#8221; header_text_shadow_style__hover=&#8221;none&#8221; header_text_shadow_style__hover_enabled=&#8221;none&#8221; header_text_shadow_color__hover=&#8221;rgba(0,0,0,0.4)&#8221; header_text_shadow_color__hover_enabled=&#8221;rgba(0,0,0,0.4)&#8221; header_6_letter_spacing__hover=&#8221;0px&#8221; header_6_letter_spacing__hover_enabled=&#8221;0px&#8221; header_6_line_height__hover=&#8221;1em&#8221; header_6_line_height__hover_enabled=&#8221;1em&#8221; header_6_font_size__hover=&#8221;14px&#8221; header_6_font_size__hover_enabled=&#8221;14px&#8221; header_6_text_shadow_style__hover=&#8221;none&#8221; header_6_text_shadow_style__hover_enabled=&#8221;none&#8221; header_6_text_shadow_color__hover=&#8221;rgba(0,0,0,0.4)&#8221; header_6_text_shadow_color__hover_enabled=&#8221;rgba(0,0,0,0.4)&#8221;]<\/p>\n<h2><strong>Jornada acad\u00eamica<\/strong><\/h2>\n<ul>\n<li style=\"text-align: left;\">Graduada em Farm\u00e1cia pela Universidade Federal da Bahia<br \/>(Conclus\u00e3o em 1996)<\/li>\n<li style=\"text-align: left;\">Graduada em Enfermagem pela Universidade Cat\u00f3lica do Salvador (Conclus\u00e3o em 1992)<\/li>\n<li style=\"text-align: left;\">P\u00f3s-gradua\u00e7\u00e3o em n\u00edvel de Especializa\u00e7\u00e3o em Farmacologia Cl\u00ednica pela UNINTER &#8211; Centro Universit\u00e1rio Internacional (Conclus\u00e3o em 2012)<\/li>\n<li style=\"text-align: left;\">Especialista em Manipula\u00e7\u00e3o Magistral Alop\u00e1tica pelo Instituto Racine (Conclus\u00e3o em 2007)<\/li>\n<li style=\"text-align: left;\">Especialista em Farm\u00e1cia Homeop\u00e1tica pelo CRF-Ba (Conclus\u00e3o em 2006)<\/li>\n<li style=\"text-align: left;\">Forma\u00e7\u00e3o em Oligoterapia \u2013 N\u00edvel Master pelo INSTINATUR \u2013 Instituto Superior de Forma\u00e7\u00e3o em Terapias em Sa\u00fade Natural (Conclus\u00e3o em 2023)<\/li>\n<li style=\"text-align: left;\">Certifica\u00e7\u00e3o Italo Marsili (Conclus\u00e3o em 2022)<\/li>\n<li style=\"text-align: left;\">Forma\u00e7\u00e3o em Terapia Ortomolecular pelo INSTNATUR &#8211; Instituto Superior de Tecnologias em Sa\u00fade Natural (Conclus\u00e3o em 2021)<\/li>\n<li style=\"text-align: left;\">Forma\u00e7\u00e3o em Territ\u00f3rio Humano Italo Marsili (Conclus\u00e3o em 2021)<\/li>\n<li style=\"text-align: left;\">Forma\u00e7\u00e3o em Ericksonian Hypnosis Training Advanced Level : Past- Life Regression Therapy with Metaphors for healing pelo ACT &#8211; Accreditec Certified Training (Conclus\u00e3o em 2021)<\/li>\n<li style=\"text-align: left;\">Forma\u00e7\u00e3o em Germ\u00e2nica Heilkunde Essencial pela Marins Bernardi Treinamentos em Sa\u00fade Integral (Conclus\u00e3o em 2020)<\/li>\n<li style=\"text-align: left;\">Business &amp; Executive Coaching pelo Instituto Brasileiro de Coaching (IBC) (Conclus\u00e3o em 2019)<\/li>\n<li style=\"text-align: left;\">Forma\u00e7\u00e3o em Consultor em Analise Comportamental pelo Instituto Brasileiro de Coaching (IBC) (Conclus\u00e3o em 2019)<\/li>\n<li style=\"text-align: left;\">Forma\u00e7\u00e3o em Integra\u00e7\u00e3o Cl\u00ednica &#8211; modulo avan\u00e7ado pelo Instituto Salgado de Sa\u00fade Integral (Conclus\u00e3o em 2019)<\/li>\n<li style=\"text-align: left;\">PSYCH-K Advanced (Conclus\u00e3o em 2019)<\/li>\n<li style=\"text-align: left;\">Forma\u00e7\u00e3o em Ericksonian Hypnosis Training Advanced Level: Conversational Trance and group pelo ACT &#8211; Accreditec Certified Training (Conclus\u00e3o em 2019)<\/li>\n<li style=\"text-align: left;\">Forma\u00e7\u00e3o em Trauma Training Professional Level I pelo ACT &#8211; Accreditec Certified Training (Conclus\u00e3o em 2019)<\/li>\n<li style=\"text-align: left;\">Curso Internacional Memoria e Informa\u00e7\u00e3o &#8211; Ciclo de uma vida pelo Instituto Salgado de Sa\u00fade Integral (Conclus\u00e3o em 2018)<\/li>\n<li style=\"text-align: left;\">PSYCH-K Basic (Conclus\u00e3o em 2018)<\/li>\n<li style=\"text-align: left;\">Human Chemistry and HDT Beginners Seminar Part I and II (Conclus\u00e3o em 2018)<\/li>\n<li style=\"text-align: left;\">Advanced Ericksonian Hypnosis Ideomotor Technique pelo ACT &#8211; Accreditec Certified Training (Conclus\u00e3o em 2018)<\/li>\n<li style=\"text-align: left;\">Ericksonian Hypnosis Training Level I and II pelo ACT &#8211; Accreditec Certified Training (Conclus\u00e3o em 2018)<\/li>\n<li style=\"text-align: left;\">Forma\u00e7\u00e3o Hipn\u00f3tica para o alivio da dor pelo ACT &#8211; Accreditec Certified Training (Conclus\u00e3o em 2018)<\/li>\n<li style=\"text-align: left;\">Professional &amp; Self Coach &#8211; PSC pelo Instituto Brasileiro de Coaching (IBC) (Conclus\u00e3o em 2017)<\/li>\n<li style=\"text-align: left;\">Leader Coach pelo Instituto Brasileiro de Coaching (IBC) (Conclus\u00e3o em 2017)<\/li>\n<li style=\"text-align: left;\">Life Coach pelo Instituto Brasileiro de Coaching (IBC) (Conclus\u00e3o em 2017)<\/li>\n<li style=\"text-align: left;\">Forma\u00e7\u00e3o internacional em Leitura Biol\u00f3gica pelo Instituto Salgado de Sa\u00fade Integral (Conclus\u00e3o em 2017)<\/li>\n<li style=\"text-align: left;\">International Register of Practitioners maintained at the Dr Edward Bach Centre &#8211; pela Dr Edward Bach Foundation (Conclus\u00e3o em 2016)<\/li>\n<li style=\"text-align: left;\">Forma\u00e7\u00e3o em Fitoterapia Chinesa pelo IBRAPEQ &#8211; Instituto Brasileiro de Ensino e Pesquisa em Qi Gong e Medicina Chinesa (Conclus\u00e3o em 2014)<\/li>\n<li style=\"text-align: left;\">Forma\u00e7\u00e3o em Qi Gong pelo IBRAPEQ &#8211; Instituto Brasileiro de Ensino e Pesquisa em Qi Gong e Medicina Chinesa (Conclus\u00e3o em 2014)<\/li>\n<li style=\"text-align: left;\">Forma\u00e7\u00e3o em Autoconhecimento atrav\u00e9s do estudo das personalidades do Eneagrama pelo Centro Inaciano de Espiritualidade de Salvador (Conclus\u00e3o em 2013)<\/li>\n<li style=\"text-align: left;\">Forma\u00e7\u00e3o em Fitoterapia Funcional Avan\u00e7ada pela VP Consultoria Nutricional Ltda (Conclus\u00e3o em 2012)<\/li>\n<li style=\"text-align: left;\">Forma\u00e7\u00e3o em Endocrinologia aplicada \u00e0 nutri\u00e7\u00e3o Funcional: Horm\u00f4nios Tireoidianos e Sexuais pela VP Consultoria Nutricional Ltda (Conclus\u00e3o em 2012)<\/li>\n<li style=\"text-align: left;\">Forma\u00e7\u00e3o em Suplementa\u00e7\u00e3o na Pr\u00e1tica Cl\u00ednica pela VP Consultoria Nutricional Ltda (Conclus\u00e3o em 2011)<\/li>\n<li style=\"text-align: left;\">Forma\u00e7\u00e3o em Nutri\u00e7\u00e3o Funcional e Estrat\u00e9gia Terap\u00eauticas Avan\u00e7adas no Processo de Detoxifica\u00e7\u00e3o pela VP Consultoria Nutricional Ltda (Conclus\u00e3o em 2011)<\/li>\n<li style=\"text-align: left;\">Forma\u00e7\u00e3o em Obesidade e est\u00e9tica funcional pela VP Consultoria Nutricional Ltda (Conclus\u00e3o em 2010)<\/li>\n<li style=\"text-align: left;\">Forma\u00e7\u00e3o em Suplementa\u00e7\u00e3o Funcional Magistral pela VP Consultoria Nutricional Ltda (Conclus\u00e3o em 2009)<\/li>\n<\/ul>\n<p>[\/et_pb_text][\/et_pb_column][et_pb_column type=&#8221;1_2&#8243; _builder_version=&#8221;4.16&#8243; custom_padding=&#8221;100px|||&#8221; custom_padding_tablet=&#8221;0px||||false&#8221; custom_padding_phone=&#8221;0px||0px&#8221; custom_padding_last_edited=&#8221;on|tablet&#8221; global_colors_info=&#8221;{}&#8221; padding_phone=&#8221;0px||0px&#8221; padding_tablet=&#8221;0px||||false&#8221; padding_last_edited=&#8221;on|tablet&#8221; custom_padding__hover=&#8221;|||&#8221;][et_pb_text _builder_version=&#8221;4.16&#8243; text_font=&#8221;Open Sans||||||||&#8221; text_line_height=&#8221;2em&#8221; header_font=&#8221;||||||||&#8221; header_2_font=&#8221;Prata||||||||&#8221; header_2_font_size=&#8221;50px&#8221; header_2_line_height=&#8221;1.2em&#8221; header_6_font=&#8221;Open Sans|700||on|||||&#8221; header_6_letter_spacing=&#8221;5px&#8221; header_6_line_height=&#8221;2em&#8221; module_alignment=&#8221;center&#8221; animation_style=&#8221;zoom&#8221; animation_intensity_zoom=&#8221;5%&#8221; header_2_font_size_tablet=&#8221;48px&#8221; header_2_font_size_phone=&#8221;32px&#8221; header_2_font_size_last_edited=&#8221;on|desktop&#8221; header_6_font_size_tablet=&#8221;&#8221; header_6_font_size_phone=&#8221;&#8221; header_6_font_size_last_edited=&#8221;on|phone&#8221; locked=&#8221;off&#8221; global_colors_info=&#8221;{}&#8221; header_5_font_size__hover=&#8221;16px&#8221; header_5_font_size__hover_enabled=&#8221;16px&#8221; header_5_letter_spacing__hover=&#8221;0px&#8221; header_5_letter_spacing__hover_enabled=&#8221;0px&#8221; header_5_line_height__hover=&#8221;1em&#8221; header_5_line_height__hover_enabled=&#8221;1em&#8221; header_5_text_shadow_style__hover=&#8221;none&#8221; header_5_text_shadow_style__hover_enabled=&#8221;none&#8221; header_5_text_shadow_color__hover=&#8221;rgba(0,0,0,0.4)&#8221; header_5_text_shadow_color__hover_enabled=&#8221;rgba(0,0,0,0.4)&#8221; header_font_size__hover=&#8221;30px&#8221; header_font_size__hover_enabled=&#8221;30px&#8221; header_letter_spacing__hover=&#8221;0px&#8221; header_letter_spacing__hover_enabled=&#8221;0px&#8221; header_text_shadow_style__hover=&#8221;none&#8221; header_text_shadow_style__hover_enabled=&#8221;none&#8221; header_text_shadow_color__hover=&#8221;rgba(0,0,0,0.4)&#8221; header_text_shadow_color__hover_enabled=&#8221;rgba(0,0,0,0.4)&#8221;]<\/p>\n<h2>Sobre mim<\/h2>\n<p>Sou farmac\u00eautica cl\u00ednica, especialista no tratamento Integrativo do paciente, pela metodologia por mim criada: Protocolo ITM. A partir dos estudos sobre medicamentos e suplementos, ampliei meus conhecimentos focando no corpo f\u00edsico, mas abordando uma avalia\u00e7\u00e3o mental, emocional e espiritual. Vejo no Brasil, muitos pacientes resistentes ao uso dos medicamentos tradicionais, principalmente para as doen\u00e7as cr\u00f4nicas e mentais, desejando uma nova op\u00e7\u00e3o de tratamento, posso te garantir que existe muitas formas de se tratar uma doen\u00e7a, e que voc\u00ea \u00e9 o respons\u00e1vel pela sua vida e eu posso te apoiar na escolha de um caminho personalizado, diante de suas necessidades. <\/p>\n<p>Agende uma avalia\u00e7\u00e3o pelo whatsapp ao lado!<\/p>\n<p><strong>Farmac\u00eautico <\/strong>CRF-Ba 3042<\/p>\n<p>[\/et_pb_text][\/et_pb_column][\/et_pb_row][\/et_pb_section]<\/p>\n","protected":false},"excerpt":{"rendered":"<p>Farmac\u00eautico\u00a0\u00a0\u00a0\u00a0\u00a0\u00a0\u00a0\u00a0\u00a0 Registro: CRF-Ba 3042 Sobre mimDRA. TEREZA CRISTINA MARTINS PEIXOTO O que eu fa\u00e7o: Voc\u00ea sabia que no Brasil, 50% dos pacientes com doen\u00e7as cr\u00f4nicas, n\u00e3o aderem ao tratamento? Diante desse desafio, ofere\u00e7o um tratamento diferenciado, focado nas causas e n\u00e3o nos sintomas, utilizando quando necess\u00e1rio recursos naturais de tratamento como vitaminas, minerais, florais e [&hellip;]<\/p>\n","protected":false},"author":1,"featured_media":0,"parent":0,"menu_order":0,"comment_status":"closed","ping_status":"closed","template":"","meta":{"_et_pb_use_builder":"on","_et_pb_old_content":"","_et_gb_content_width":"","_joinchat":[],"footnotes":""},"_links":{"self":[{"href":"https:\/\/institutoterezamartins.com.br\/index.php?rest_route=\/wp\/v2\/pages\/55"}],"collection":[{"href":"https:\/\/institutoterezamartins.com.br\/index.php?rest_route=\/wp\/v2\/pages"}],"about":[{"href":"https:\/\/institutoterezamartins.com.br\/index.php?rest_route=\/wp\/v2\/types\/page"}],"author":[{"embeddable":true,"href":"https:\/\/institutoterezamartins.com.br\/index.php?rest_route=\/wp\/v2\/users\/1"}],"replies":[{"embeddable":true,"href":"https:\/\/institutoterezamartins.com.br\/index.php?rest_route=%2Fwp%2Fv2%2Fcomments&post=55"}],"version-history":[{"count":8,"href":"https:\/\/institutoterezamartins.com.br\/index.php?rest_route=\/wp\/v2\/pages\/55\/revisions"}],"predecessor-version":[{"id":201,"href":"https:\/\/institutoterezamartins.com.br\/index.php?rest_route=\/wp\/v2\/pages\/55\/revisions\/201"}],"wp:attachment":[{"href":"https:\/\/institutoterezamartins.com.br\/index.php?rest_route=%2Fwp%2Fv2%2Fmedia&parent=55"}],"curies":[{"name":"wp","href":"https:\/\/api.w.org\/{rel}","templated":true}]}}